{"id":123,"date":"2020-07-06T07:28:43","date_gmt":"2020-07-06T07:28:43","guid":{"rendered":"https:\/\/nutriagrosrl.com\/v1\/?page_id=123"},"modified":"2020-07-06T07:29:11","modified_gmt":"2020-07-06T07:29:11","slug":"productos","status":"publish","type":"page","link":"https:\/\/nutriagrosrl.com\/v1\/productos\/","title":{"rendered":"Productos"},"content":{"rendered":"<p>[et_pb_section fb_built=\u00bb1&#8243; _builder_version=\u00bb4.4.8&#8243;][et_pb_row _builder_version=\u00bb4.4.8&#8243;][et_pb_column _builder_version=\u00bb4.4.8&#8243; type=\u00bb4_4&#8243;][et_pb_slider _builder_version=\u00bb4.4.8&#8243; hover_enabled=\u00bb0&#8243;][et_pb_slide heading=\u00bbFertilizante Foliar con micro y macro Nutriente\u00bb _builder_version=\u00bb4.4.8&#8243; title_text=\u00bbb1&#8243; background_image=\u00bbhttps:\/\/nutriagrosrl.com\/v1\/wp-content\/uploads\/2020\/07\/b1.jpeg\u00bb background_enable_image=\u00bbon\u00bb hover_enabled=\u00bb0&#8243;][\/et_pb_slide][\/et_pb_slider][\/et_pb_column][\/et_pb_row][et_pb_row _builder_version=\u00bb4.4.8&#8243; hover_enabled=\u00bb0&#8243; column_structure=\u00bb1_2,1_2&#8243; global_module=\u00bb131&#8243; saved_tabs=\u00bball\u00bb][et_pb_column _builder_version=\u00bb4.4.8&#8243; type=\u00bb1_2&#8243;][et_pb_blurb title=\u00bbFERTILIZANTES\u00bb image=\u00bbhttps:\/\/nutriagrosrl.com\/v1\/wp-content\/uploads\/2020\/07\/fertilizantes.jpg\u00bb _builder_version=\u00bb4.4.8&#8243; hover_enabled=\u00bb0&#8243;]<\/p>\n<p><span>Los\u00a0<\/span><b>fertilizantes<\/b><span>\u00a0agr\u00edcolas, tambi\u00e9n conocidos como abonos, se aplican a las plantas y cultivos con el fin de portar nutrientes fundamentales para su desarrollo y crecimiento. Concretamente los\u00a0<\/span><b>fertilizantes\u00a0<\/b><span>agr\u00edcolas aportan tres elementos principales como son el nitr\u00f3geno, potasio y f\u00f3sforo.<\/span><\/p>\n<p>[\/et_pb_blurb][\/et_pb_column][et_pb_column _builder_version=\u00bb4.4.8&#8243; type=\u00bb1_2&#8243;][et_pb_blurb title=\u00bbENMIENDAS\u00bb image=\u00bbhttps:\/\/nutriagrosrl.com\/v1\/wp-content\/uploads\/2020\/07\/enmiendas.jpg\u00bb _builder_version=\u00bb4.4.8&#8243; hover_enabled=\u00bb0&#8243; title_text=\u00bbenmiendas\u00bb]<\/p>\n<p><span>La\u00a0<\/span><b>enmienda<\/b><span>\u00a0o acondicionamiento es el aporte de un producto fertilizante o de materiales destinados a mejorar la calidad de los suelos (en t\u00e9rminos de estructura y composici\u00f3n, ajustando sus nutrientes, su pH ya sea para su acidez o basicidad).<\/span><\/p>\n<p>[\/et_pb_blurb][\/et_pb_column][\/et_pb_row][et_pb_row _builder_version=\u00bb4.4.8&#8243; hover_enabled=\u00bb0&#8243; column_structure=\u00bb1_2,1_2&#8243;][et_pb_column _builder_version=\u00bb4.4.8&#8243; type=\u00bb1_2&#8243;][et_pb_blurb title=\u00bbENRAIZADORES\u00bb image=\u00bbhttps:\/\/nutriagrosrl.com\/v1\/wp-content\/uploads\/2020\/07\/enraizadores.jpg\u00bb _builder_version=\u00bb4.4.8&#8243; hover_enabled=\u00bb0&#8243; title_text=\u00bbenraizadores\u00bb]<\/p>\n<p><span>Curabitur vulputate consectetur augue non molestie. Vestibulum scelerisque lorem at libero.<\/span><\/p>\n<p>[\/et_pb_blurb][\/et_pb_column][et_pb_column _builder_version=\u00bb4.4.8&#8243; type=\u00bb1_2&#8243;][et_pb_blurb title=\u00bbCONTROLES DE PLAGA\u00bb image=\u00bbhttps:\/\/nutriagrosrl.com\/v1\/wp-content\/uploads\/2020\/07\/controles-de-plaga.jpg\u00bb _builder_version=\u00bb4.4.8&#8243; hover_enabled=\u00bb0&#8243; title_text=\u00bbcontroles de plaga\u00bb]<\/p>\n<p><span>Aliquam maximus leo et tortor condimentum, vitae sollicitudin dolor maximus pellentesque semper.<\/span><\/p>\n<p>[\/et_pb_blurb][\/et_pb_column][\/et_pb_row][et_pb_row _builder_version=\u00bb4.4.8&#8243; hover_enabled=\u00bb0&#8243; column_structure=\u00bb1_2,1_2&#8243;][et_pb_column _builder_version=\u00bb4.4.8&#8243; type=\u00bb1_2&#8243;][et_pb_blurb title=\u00bbINSUMOS AGRICOLAS\u00bb image=\u00bbhttps:\/\/nutriagrosrl.com\/v1\/wp-content\/uploads\/2020\/07\/insumos-agricolas.jpg\u00bb _builder_version=\u00bb4.4.8&#8243; hover_enabled=\u00bb0&#8243; title_text=\u00bbinsumos-agricolas\u00bb]<\/p>\n<p><span>Vivamus vestibulum pharetra felis, vel bibendum tellus pretium ac. Sed gravida nec nisi ut dignissim.<\/span><\/p>\n<p>[\/et_pb_blurb][\/et_pb_column][et_pb_column _builder_version=\u00bb4.4.8&#8243; type=\u00bb1_2&#8243;][\/et_pb_column][\/et_pb_row][\/et_pb_section][et_pb_section fb_built=\u00bb1&#8243; admin_label=\u00bbFooter\u00bb _builder_version=\u00bb3.22&#8243; background_color=\u00bb#f9f9f4&#8243; use_background_color_gradient=\u00bbon\u00bb background_color_gradient_start=\u00bb#f9f9f4&#8243; background_color_gradient_end=\u00bb#ffffff\u00bb background_color_gradient_type=\u00bbradial\u00bb background_color_gradient_start_position=\u00bb80%\u00bb background_image=\u00bbhttps:\/\/nutriagrosrl.com\/v1\/wp-content\/uploads\/2020\/07\/nutritionist-15.png\u00bb background_size=\u00bbcontain\u00bb background_position=\u00bbtop_center\u00bb max_width=\u00bb1220px\u00bb module_alignment=\u00bbcenter\u00bb custom_margin=\u00bb60px||60px||true|false\u00bb custom_padding=\u00bb|16%||16%|false|true\u00bb animation_style=\u00bbzoom\u00bb animation_intensity_zoom=\u00bb10%\u00bb saved_tabs=\u00bball\u00bb locked=\u00bboff\u00bb global_module=\u00bb119&#8243;][et_pb_row _builder_version=\u00bb3.25&#8243; custom_padding=\u00bb30px||30px||true\u00bb][et_pb_column type=\u00bb4_4&#8243; _builder_version=\u00bb3.25&#8243; custom_padding=\u00bb|||\u00bb custom_padding__hover=\u00bb|||\u00bb][et_pb_text _builder_version=\u00bb3.27.4&#8243; text_font=\u00bb||||||||\u00bb text_line_height=\u00bb2em\u00bb header_font=\u00bb||||||||\u00bb header_3_font=\u00bbMerriweather|700|||||||\u00bb header_3_font_size=\u00bb30px\u00bb header_3_line_height=\u00bb1.6em\u00bb header_4_font=\u00bbMerriweather|700|||||||\u00bb header_4_text_color=\u00bb#15c39a\u00bb header_4_line_height=\u00bb1.8em\u00bb text_orientation=\u00bbcenter\u00bb max_width=\u00bb500px\u00bb module_alignment=\u00bbcenter\u00bb header_3_font_size_tablet=\u00bb\u00bb header_3_font_size_phone=\u00bb16px\u00bb header_3_font_size_last_edited=\u00bbon|desktop\u00bb header_4_font_size_tablet=\u00bb\u00bb header_4_font_size_phone=\u00bb14px\u00bb header_4_font_size_last_edited=\u00bbon|phone\u00bb locked=\u00bboff\u00bb]<\/p>\n<h3>Cont\u00e1ctanos<\/h3>\n<p><span>\u00abNUTRIAGRO SRL ES EL RESPONSABLE DE OTORGAR EN FORMA EXCLUSIVA LA NUTRICI\u00d3N Y FERTILIDAD DE TODOS LOS TIPOS DE SUELOS EN FORMA SOSTENIBLE\u00bb.<\/span><\/p>\n<p>[\/et_pb_text][\/et_pb_column][\/et_pb_row][et_pb_row column_structure=\u00bb1_3,1_3,1_3&#8243; use_custom_gutter=\u00bbon\u00bb gutter_width=\u00bb2&#8243; _builder_version=\u00bb3.25&#8243; custom_padding=\u00bb30px||30px||true\u00bb][et_pb_column type=\u00bb1_3&#8243; _builder_version=\u00bb3.25&#8243; custom_padding=\u00bb|||\u00bb custom_padding__hover=\u00bb|||\u00bb][et_pb_blurb title=\u00bbEmail Address\u00bb use_icon=\u00bbon\u00bb font_icon=\u00bb%%238%%\u00bb icon_color=\u00bb#ffffff\u00bb use_circle=\u00bbon\u00bb circle_color=\u00bb#f5ba6a\u00bb icon_placement=\u00bbleft\u00bb content_max_width=\u00bb300px\u00bb _builder_version=\u00bb3.15&#8243; header_level=\u00bbh5&#8243; header_font=\u00bb|700||on|||||\u00bb header_text_color=\u00bb#000000&#8243; header_font_size=\u00bb11px\u00bb header_letter_spacing=\u00bb1px\u00bb header_line_height=\u00bb2em\u00bb body_font_size=\u00bb12px\u00bb body_line_height=\u00bb1.6em\u00bb custom_padding=\u00bb||3px|||\u00bb animation=\u00bboff\u00bb border_radii=\u00bbon|10px|10px|10px|10px\u00bb locked=\u00bboff\u00bb]<\/p>\n<p>info@nutriagrosrl.com<\/p>\n<p>[\/et_pb_blurb][\/et_pb_column][et_pb_column type=\u00bb1_3&#8243; _builder_version=\u00bb3.25&#8243; custom_padding=\u00bb|||\u00bb custom_padding__hover=\u00bb|||\u00bb][et_pb_blurb title=\u00bbLl\u00e1manos\u00bb use_icon=\u00bbon\u00bb font_icon=\u00bb%%264%%\u00bb icon_color=\u00bb#ffffff\u00bb use_circle=\u00bbon\u00bb circle_color=\u00bb#cc6b59&#8243; icon_placement=\u00bbleft\u00bb content_max_width=\u00bb300px\u00bb _builder_version=\u00bb4.4.8&#8243; header_level=\u00bbh5&#8243; header_font=\u00bb|700||on|||||\u00bb header_text_color=\u00bb#000000&#8243; header_font_size=\u00bb11px\u00bb header_letter_spacing=\u00bb1px\u00bb header_line_height=\u00bb2em\u00bb body_font_size=\u00bb12px\u00bb body_line_height=\u00bb1.6em\u00bb custom_padding=\u00bb|||\u00bb animation=\u00bboff\u00bb border_radii=\u00bbon|10px|10px|10px|10px\u00bb locked=\u00bboff\u00bb]<\/p>\n<p><span>381-15-5011677<\/span><\/p>\n<p>[\/et_pb_blurb][\/et_pb_column][et_pb_column type=\u00bb1_3&#8243; _builder_version=\u00bb3.25&#8243; custom_padding=\u00bb|||\u00bb custom_padding__hover=\u00bb|||\u00bb][et_pb_blurb title=\u00bbVis\u00edtanos\u00bb use_icon=\u00bbon\u00bb font_icon=\u00bb%%249%%\u00bb icon_color=\u00bb#ffffff\u00bb use_circle=\u00bbon\u00bb circle_color=\u00bb#15c39a\u00bb icon_placement=\u00bbleft\u00bb content_max_width=\u00bb300px\u00bb _builder_version=\u00bb4.4.8&#8243; header_level=\u00bbh5&#8243; header_font=\u00bb|700||on|||||\u00bb header_text_color=\u00bb#000000&#8243; header_font_size=\u00bb11px\u00bb header_letter_spacing=\u00bb1px\u00bb header_line_height=\u00bb2em\u00bb body_font_size=\u00bb12px\u00bb body_line_height=\u00bb1.6em\u00bb custom_padding=\u00bb|||\u00bb animation=\u00bboff\u00bb border_radii=\u00bbon|10px|10px|10px|10px\u00bb locked=\u00bboff\u00bb]<\/p>\n<p><span>Crisostomo Alvarez 2414<\/span><\/p>\n<p><span>Tucum\u00e1n &#8211; Argentina<\/span><\/p>\n<p>[\/et_pb_blurb][\/et_pb_column][\/et_pb_row][et_pb_row _builder_version=\u00bb3.25&#8243; custom_padding=\u00bb30px||30px||true\u00bb locked=\u00bboff\u00bb][et_pb_column type=\u00bb4_4&#8243; _builder_version=\u00bb3.25&#8243; custom_padding=\u00bb|||\u00bb custom_padding__hover=\u00bb|||\u00bb][et_pb_contact_form email=\u00bbinfo@nutriagrosrl.com\u00bb _builder_version=\u00bb4.4.8&#8243;][et_pb_contact_field field_id=\u00bbName\u00bb field_title=\u00bbNombre\u00bb _builder_version=\u00bb3.16&#8243; button_text_size__hover_enabled=\u00bboff\u00bb button_one_text_size__hover_enabled=\u00bboff\u00bb button_two_text_size__hover_enabled=\u00bboff\u00bb button_text_color__hover_enabled=\u00bboff\u00bb button_one_text_color__hover_enabled=\u00bboff\u00bb button_two_text_color__hover_enabled=\u00bboff\u00bb button_border_width__hover_enabled=\u00bboff\u00bb button_one_border_width__hover_enabled=\u00bboff\u00bb button_two_border_width__hover_enabled=\u00bboff\u00bb button_border_color__hover_enabled=\u00bboff\u00bb button_one_border_color__hover_enabled=\u00bboff\u00bb button_two_border_color__hover_enabled=\u00bboff\u00bb button_border_radius__hover_enabled=\u00bboff\u00bb button_one_border_radius__hover_enabled=\u00bboff\u00bb button_two_border_radius__hover_enabled=\u00bboff\u00bb button_letter_spacing__hover_enabled=\u00bboff\u00bb button_one_letter_spacing__hover_enabled=\u00bboff\u00bb button_two_letter_spacing__hover_enabled=\u00bboff\u00bb button_bg_color__hover_enabled=\u00bboff\u00bb button_one_bg_color__hover_enabled=\u00bboff\u00bb button_two_bg_color__hover_enabled=\u00bboff\u00bb][\/et_pb_contact_field][et_pb_contact_field field_id=\u00bbEmail\u00bb field_title=\u00bbDirecci\u00f3n de correo electr\u00f3nico\u00bb field_type=\u00bbemail\u00bb _builder_version=\u00bb3.16&#8243; button_text_size__hover_enabled=\u00bboff\u00bb button_one_text_size__hover_enabled=\u00bboff\u00bb button_two_text_size__hover_enabled=\u00bboff\u00bb button_text_color__hover_enabled=\u00bboff\u00bb button_one_text_color__hover_enabled=\u00bboff\u00bb button_two_text_color__hover_enabled=\u00bboff\u00bb button_border_width__hover_enabled=\u00bboff\u00bb button_one_border_width__hover_enabled=\u00bboff\u00bb button_two_border_width__hover_enabled=\u00bboff\u00bb button_border_color__hover_enabled=\u00bboff\u00bb button_one_border_color__hover_enabled=\u00bboff\u00bb button_two_border_color__hover_enabled=\u00bboff\u00bb button_border_radius__hover_enabled=\u00bboff\u00bb button_one_border_radius__hover_enabled=\u00bboff\u00bb button_two_border_radius__hover_enabled=\u00bboff\u00bb button_letter_spacing__hover_enabled=\u00bboff\u00bb button_one_letter_spacing__hover_enabled=\u00bboff\u00bb button_two_letter_spacing__hover_enabled=\u00bboff\u00bb button_bg_color__hover_enabled=\u00bboff\u00bb button_one_bg_color__hover_enabled=\u00bboff\u00bb button_two_bg_color__hover_enabled=\u00bboff\u00bb][\/et_pb_contact_field][et_pb_contact_field field_id=\u00bbMessage\u00bb field_title=\u00bbMensaje\u00bb field_type=\u00bbtext\u00bb fullwidth_field=\u00bbon\u00bb _builder_version=\u00bb3.16&#8243; button_text_size__hover_enabled=\u00bboff\u00bb button_one_text_size__hover_enabled=\u00bboff\u00bb button_two_text_size__hover_enabled=\u00bboff\u00bb button_text_color__hover_enabled=\u00bboff\u00bb button_one_text_color__hover_enabled=\u00bboff\u00bb button_two_text_color__hover_enabled=\u00bboff\u00bb button_border_width__hover_enabled=\u00bboff\u00bb button_one_border_width__hover_enabled=\u00bboff\u00bb button_two_border_width__hover_enabled=\u00bboff\u00bb button_border_color__hover_enabled=\u00bboff\u00bb button_one_border_color__hover_enabled=\u00bboff\u00bb button_two_border_color__hover_enabled=\u00bboff\u00bb button_border_radius__hover_enabled=\u00bboff\u00bb button_one_border_radius__hover_enabled=\u00bboff\u00bb button_two_border_radius__hover_enabled=\u00bboff\u00bb button_letter_spacing__hover_enabled=\u00bboff\u00bb button_one_letter_spacing__hover_enabled=\u00bboff\u00bb button_two_letter_spacing__hover_enabled=\u00bboff\u00bb button_bg_color__hover_enabled=\u00bboff\u00bb button_one_bg_color__hover_enabled=\u00bboff\u00bb button_two_bg_color__hover_enabled=\u00bboff\u00bb][\/et_pb_contact_field][\/et_pb_contact_form][\/et_pb_column][\/et_pb_row][\/et_pb_section]<\/p>\n","protected":false},"excerpt":{"rendered":"<p>Fertilizante Foliar con micro y macro Nutriente FERTILIZANTES Los\u00a0fertilizantes\u00a0agr\u00edcolas, tambi\u00e9n conocidos como abonos, se aplican a las plantas y cultivos con el fin de portar nutrientes fundamentales para su desarrollo y crecimiento. Concretamente los\u00a0fertilizantes\u00a0agr\u00edcolas aportan tres elementos principales como son el nitr\u00f3geno, potasio y f\u00f3sforo. ENMIENDAS La\u00a0enmienda\u00a0o acondicionamiento es el aporte de un producto fertilizante [&hellip;]<\/p>\n","protected":false},"author":1,"featured_media":0,"parent":0,"menu_order":0,"comment_status":"closed","ping_status":"closed","template":"","meta":{"_et_pb_use_builder":"on","_et_pb_old_content":"","_et_gb_content_width":"","footnotes":""},"class_list":["post-123","page","type-page","status-publish","hentry"],"_links":{"self":[{"href":"https:\/\/nutriagrosrl.com\/v1\/wp-json\/wp\/v2\/pages\/123","targetHints":{"allow":["GET"]}}],"collection":[{"href":"https:\/\/nutriagrosrl.com\/v1\/wp-json\/wp\/v2\/pages"}],"about":[{"href":"https:\/\/nutriagrosrl.com\/v1\/wp-json\/wp\/v2\/types\/page"}],"author":[{"embeddable":true,"href":"https:\/\/nutriagrosrl.com\/v1\/wp-json\/wp\/v2\/users\/1"}],"replies":[{"embeddable":true,"href":"https:\/\/nutriagrosrl.com\/v1\/wp-json\/wp\/v2\/comments?post=123"}],"version-history":[{"count":5,"href":"https:\/\/nutriagrosrl.com\/v1\/wp-json\/wp\/v2\/pages\/123\/revisions"}],"predecessor-version":[{"id":139,"href":"https:\/\/nutriagrosrl.com\/v1\/wp-json\/wp\/v2\/pages\/123\/revisions\/139"}],"wp:attachment":[{"href":"https:\/\/nutriagrosrl.com\/v1\/wp-json\/wp\/v2\/media?parent=123"}],"curies":[{"name":"wp","href":"https:\/\/api.w.org\/{rel}","templated":true}]}}